{"id":110,"date":"2010-03-20T19:27:58","date_gmt":"2010-03-20T19:27:58","guid":{"rendered":"http:\/\/www.montanhismo-guarda.pt\/portal\/?page_id=110"},"modified":"2018-06-28T13:53:35","modified_gmt":"2018-06-28T13:53:35","slug":"centro-de-apoio-ao-montanhismo","status":"publish","type":"page","link":"https:\/\/www.montanhismo-guarda.pt\/portal\/centro-de-apoio-ao-montanhismo","title":{"rendered":"Esta\u00e7\u00e3o meteorol\u00f3gica"},"content":{"rendered":"<p><!--\n\n\n<div class=\"external-container\"><iframe loading=\"lazy\" style=\"border: 0;\" src=\"https:\/\/app.weathercloud.net\/d0806015407#current\" width=\"760\" height=\"600\" frameborder=\"0\"><\/iframe><\/div>\n\n\n-->Devido a altera\u00e7\u00f5es recentes na forma de aceder \u00e0 informa\u00e7\u00e3o meteorol\u00f3gica, para j\u00e1 n\u00e3o nos \u00e9 poss\u00edvel disponibiliza-la neste local. Alternativamente pode seguir a liga\u00e7\u00e3o abaixo para aceder \u00e0 mesma informa\u00e7\u00e3o, mas fora da nossa p\u00e1gina.<br \/>\n<a href=\"https:\/\/app.weathercloud.net\/d0806015407#current\" target=\"_blank\" rel=\"noopener noreferrer\">Clube de Montanhismo &#8211; Weathercloud<\/a><br \/>\n<!--\n<iframe loading=\"lazy\" style=\"border: 0;\" src=\"http:\/\/www.weatherlink.com\/user\/clubemontanhismo\/index.php?view=main&amp;headers=0\" width=\"760\" height=\"600\"><\/iframe>\n<iframe loading=\"lazy\" style=\"border: 0;\" src=\"http:\/\/www.weatherlink.com\/user\/clubemontanhismo\/index.php?view=summary&amp;headers=0\" width=\"760\" height=\"700\"><\/iframe>\n--><\/p>\n","protected":false},"excerpt":{"rendered":"<p>Devido a altera\u00e7\u00f5es recentes na forma de aceder \u00e0 informa\u00e7\u00e3o meteorol\u00f3gica, para j\u00e1 n\u00e3o nos \u00e9 poss\u00edvel disponibiliza-la neste local. Alternativamente pode seguir a liga\u00e7\u00e3o abaixo para aceder \u00e0 mesma &hellip; <\/p>\n<p class=\"link-more\"><a href=\"https:\/\/www.montanhismo-guarda.pt\/portal\/centro-de-apoio-ao-montanhismo\" class=\"more-link\">Continuar a ler <span class=\"screen-reader-text\">&#8220;Esta\u00e7\u00e3o meteorol\u00f3gica&#8221;<\/span><\/a><\/p>\n","protected":false},"author":1,"featured_media":0,"parent":0,"menu_order":0,"comment_status":"closed","ping_status":"open","template":"","meta":{"_acf_changed":false,"_tec_requires_first_save":true,"_EventAllDay":false,"_EventTimezone":"","_EventStartDate":"","_EventEndDate":"","_EventStartDateUTC":"","_EventEndDateUTC":"","_EventShowMap":false,"_EventShowMapLink":false,"_EventURL":"","_EventCost":"","_EventCostDescription":"","_EventCurrencySymbol":"","_EventCurrencyCode":"","_EventCurrencyPosition":"","_EventDateTimeSeparator":"","_EventTimeRangeSeparator":"","_EventOrganizerID":[],"_EventVenueID":[],"_OrganizerEmail":"","_OrganizerPhone":"","_OrganizerWebsite":"","_VenueAddress":"","_VenueCity":"","_VenueCountry":"","_VenueProvince":"","_VenueState":"","_VenueZip":"","_VenuePhone":"","_VenueURL":"","_VenueStateProvince":"","_VenueLat":"","_VenueLng":"","_VenueShowMap":false,"_VenueShowMapLink":false,"_tribe_blocks_recurrence_rules":"","_tribe_blocks_recurrence_description":"","_tribe_blocks_recurrence_exclusions":"","footnotes":""},"class_list":["post-110","page","type-page","status-publish","hentry"],"acf":[],"_links":{"self":[{"href":"https:\/\/www.montanhismo-guarda.pt\/portal\/wp-json\/wp\/v2\/pages\/110","targetHints":{"allow":["GET"]}}],"collection":[{"href":"https:\/\/www.montanhismo-guarda.pt\/portal\/wp-json\/wp\/v2\/pages"}],"about":[{"href":"https:\/\/www.montanhismo-guarda.pt\/portal\/wp-json\/wp\/v2\/types\/page"}],"author":[{"embeddable":true,"href":"https:\/\/www.montanhismo-guarda.pt\/portal\/wp-json\/wp\/v2\/users\/1"}],"replies":[{"embeddable":true,"href":"https:\/\/www.montanhismo-guarda.pt\/portal\/wp-json\/wp\/v2\/comments?post=110"}],"version-history":[{"count":30,"href":"https:\/\/www.montanhismo-guarda.pt\/portal\/wp-json\/wp\/v2\/pages\/110\/revisions"}],"predecessor-version":[{"id":3476,"href":"https:\/\/www.montanhismo-guarda.pt\/portal\/wp-json\/wp\/v2\/pages\/110\/revisions\/3476"}],"wp:attachment":[{"href":"https:\/\/www.montanhismo-guarda.pt\/portal\/wp-json\/wp\/v2\/media?parent=110"}],"curies":[{"name":"wp","href":"https:\/\/api.w.org\/{rel}","templated":true}]}}