{"id":150,"date":"2010-03-24T00:33:56","date_gmt":"2010-03-24T00:33:56","guid":{"rendered":"http:\/\/www.montanhismo-guarda.pt\/portal\/?page_id=150"},"modified":"2023-01-29T20:10:05","modified_gmt":"2023-01-29T20:10:05","slug":"protocolos","status":"publish","type":"page","link":"https:\/\/www.montanhismo-guarda.pt\/portal\/o-clube\/protocolos","title":{"rendered":"Protocolos"},"content":{"rendered":"\n<div class=\"wp-block-columns is-layout-flex wp-container-core-columns-is-layout-9d6595d7 wp-block-columns-is-layout-flex\">\n<div class=\"wp-block-column is-layout-flow wp-block-column-is-layout-flow\">\n<div class=\"wp-block-group has-background\" style=\"background-color:#fff7f2\"><div class=\"wp-block-group__inner-container is-layout-flow wp-block-group-is-layout-flow\">\n<h3 class=\"wp-block-heading\">Husse<\/h3>\n\n\n\n<p>Desconto de 10% em todos os produtos<\/p>\n\n\n\n<div class=\"wp-block-button aligncenter\"><a class=\"wp-block-button__link\" href=\"http:\/\/www.husse.pt\/\" target=\"_blank\" rel=\"noreferrer noopener\">Visitar o website<\/a><\/div>\n<\/div><\/div>\n\n\n\n<div style=\"height:20px\" aria-hidden=\"true\" class=\"wp-block-spacer\"><\/div>\n\n\n\n<div class=\"wp-block-group has-background\" style=\"background-color:#fff2f7\"><div class=\"wp-block-group__inner-container is-layout-flow wp-block-group-is-layout-flow\">\n<h3 class=\"wp-block-heading\">Cl\u00ednica Dent\u00e1ria CG<\/h3>\n\n\n\n<p>Desconto de 10% em servi\u00e7os<\/p>\n\n\n\n<div class=\"wp-block-button aligncenter\"><a class=\"wp-block-button__link\" href=\"http:\/\/www.clinicacg.com\/\" target=\"_blank\" rel=\"noreferrer noopener\">Visitar o website<\/a><\/div>\n<\/div><\/div>\n\n\n\n<div style=\"height:20px\" aria-hidden=\"true\" class=\"wp-block-spacer\"><\/div>\n<\/div>\n\n\n\n<div class=\"wp-block-column is-layout-flow wp-block-column-is-layout-flow\">\n<div class=\"wp-block-group has-background\" style=\"background-color:#f2fcff\"><div class=\"wp-block-group__inner-container is-layout-flow wp-block-group-is-layout-flow\">\n<h3 class=\"wp-block-heading\">Matos e Pereira<\/h3>\n\n\n\n<figure class=\"wp-block-image size-large\"><a href=\"http:\/\/www.matosepereira.pt\/\" target=\"_blank\" rel=\"noreferrer noopener\"><img loading=\"lazy\" decoding=\"async\" width=\"623\" height=\"300\" src=\"https:\/\/www.montanhismo-guarda.pt\/portal\/wp-content\/uploads\/2010\/03\/MatosPereiragopro.jpg\" alt=\"\" class=\"wp-image-338\" srcset=\"https:\/\/www.montanhismo-guarda.pt\/portal\/wp-content\/uploads\/2010\/03\/MatosPereiragopro.jpg 623w, https:\/\/www.montanhismo-guarda.pt\/portal\/wp-content\/uploads\/2010\/03\/MatosPereiragopro-300x144.jpg 300w\" sizes=\"auto, (max-width: 623px) 100vw, 623px\" \/><\/a><\/figure>\n\n\n\n<p>Condi\u00e7\u00f5es especiais na aquisi\u00e7\u00e3o de c\u00e2mara de v\u00eddeo e acess\u00f3rios GoPro<\/p>\n\n\n\n<div class=\"wp-block-button aligncenter\"><a class=\"wp-block-button__link\" href=\"http:\/\/www.matosepereira.pt\/\" target=\"_blank\" rel=\"noreferrer noopener\">Visitar o website<\/a><\/div>\n<\/div><\/div>\n\n\n\n<div style=\"height:20px\" aria-hidden=\"true\" class=\"wp-block-spacer\"><\/div>\n\n\n\n<div class=\"wp-block-group\"><div class=\"wp-block-group__inner-container is-layout-flow wp-block-group-is-layout-flow\">\n<h3 class=\"wp-block-heading\">Ergovis\u00e3o<\/h3>\n\n\n\n<div class=\"wp-block-file\"><a id=\"wp-block-file--media-b1dca43e-bf8f-46ef-8059-a142019b0ec2\" href=\"https:\/\/www.montanhismo-guarda.pt\/portal\/wp-content\/uploads\/2023\/01\/protocolo-ergovisao-CMG-01-2023.pdf\" target=\"_blank\" rel=\"noreferrer noopener\">protocolo-ergovisao-CMG-01-2023<\/a><a href=\"https:\/\/www.montanhismo-guarda.pt\/portal\/wp-content\/uploads\/2023\/01\/protocolo-ergovisao-CMG-01-2023.pdf\" class=\"wp-block-file__button\" download aria-describedby=\"wp-block-file--media-b1dca43e-bf8f-46ef-8059-a142019b0ec2\">Descarregar<\/a><\/div>\n<\/div><\/div>\n<\/div>\n\n\n\n<div class=\"wp-block-column is-layout-flow wp-block-column-is-layout-flow\">\n<div class=\"wp-block-group has-background\" style=\"background-color:#f2fbff\"><div class=\"wp-block-group__inner-container is-layout-flow wp-block-group-is-layout-flow\">\n<h3 class=\"wp-block-heading\">Pedro Vaz<\/h3>\n\n\n\n<figure class=\"wp-block-image size-large\"><a href=\"https:\/\/www.facebook.com\/PedroVazAcupunctura\/\"><img loading=\"lazy\" decoding=\"async\" width=\"1024\" height=\"594\" src=\"https:\/\/www.montanhismo-guarda.pt\/portal\/wp-content\/uploads\/2020\/02\/WhatsApp-Image-2020-02-19-at-12.13.36-1024x594.jpeg\" alt=\"\" class=\"wp-image-3067\" srcset=\"https:\/\/www.montanhismo-guarda.pt\/portal\/wp-content\/uploads\/2020\/02\/WhatsApp-Image-2020-02-19-at-12.13.36-1024x594.jpeg 1024w, https:\/\/www.montanhismo-guarda.pt\/portal\/wp-content\/uploads\/2020\/02\/WhatsApp-Image-2020-02-19-at-12.13.36-300x174.jpeg 300w, https:\/\/www.montanhismo-guarda.pt\/portal\/wp-content\/uploads\/2020\/02\/WhatsApp-Image-2020-02-19-at-12.13.36-768x445.jpeg 768w, https:\/\/www.montanhismo-guarda.pt\/portal\/wp-content\/uploads\/2020\/02\/WhatsApp-Image-2020-02-19-at-12.13.36.jpeg 1404w\" sizes=\"auto, (max-width: 767px) 89vw, (max-width: 1000px) 54vw, (max-width: 1071px) 543px, 580px\" \/><\/a><\/figure>\n\n\n\n<p>1\u00aa Consulta 50% desconto (inclui 1 tratamento)<\/p>\n\n\n\n<p>2\u00aa e Seguintes Consultas 25% desconto.<\/p>\n\n\n\n<div class=\"wp-block-contact-widgets-social-block\"><ul class=\"social-icons\"><li class=\"has-label\"><a href=\"https:\/\/www.facebook.com\/PedroVazAcupunctura\/\" title=\"\u00a0Facebook\"><i class=\"fa fa-2x fa-facebook\"><\/i>\u00a0Facebook<\/a><\/li><\/ul><\/div>\n<\/div><\/div>\n\n\n\n<div style=\"height:20px\" aria-hidden=\"true\" class=\"wp-block-spacer\"><\/div>\n<\/div>\n<\/div>\n\n\n\n<p><\/p>\n","protected":false},"excerpt":{"rendered":"<p>Husse Desconto de 10% em todos os produtos Cl\u00ednica Dent\u00e1ria CG Desconto de 10% em servi\u00e7os Matos e Pereira Condi\u00e7\u00f5es especiais na aquisi\u00e7\u00e3o de c\u00e2mara de v\u00eddeo e acess\u00f3rios GoPro &hellip; <\/p>\n<p class=\"link-more\"><a href=\"https:\/\/www.montanhismo-guarda.pt\/portal\/o-clube\/protocolos\" class=\"more-link\">Continuar a ler <span class=\"screen-reader-text\">&#8220;Protocolos&#8221;<\/span><\/a><\/p>\n","protected":false},"author":1,"featured_media":0,"parent":4,"menu_order":0,"comment_status":"closed","ping_status":"closed","template":"","meta":{"_acf_changed":false,"_tec_requires_first_save":true,"_EventAllDay":false,"_EventTimezone":"","_EventStartDate":"","_EventEndDate":"","_EventStartDateUTC":"","_EventEndDateUTC":"","_EventShowMap":false,"_EventShowMapLink":false,"_EventURL":"","_EventCost":"","_EventCostDescription":"","_EventCurrencySymbol":"","_EventCurrencyCode":"","_EventCurrencyPosition":"","_EventDateTimeSeparator":"","_EventTimeRangeSeparator":"","_EventOrganizerID":[],"_EventVenueID":[],"_OrganizerEmail":"","_OrganizerPhone":"","_OrganizerWebsite":"","_VenueAddress":"","_VenueCity":"","_VenueCountry":"","_VenueProvince":"","_VenueState":"","_VenueZip":"","_VenuePhone":"","_VenueURL":"","_VenueStateProvince":"","_VenueLat":"","_VenueLng":"","_VenueShowMap":false,"_VenueShowMapLink":false,"_tribe_blocks_recurrence_rules":"","_tribe_blocks_recurrence_description":"","_tribe_blocks_recurrence_exclusions":"","footnotes":""},"class_list":["post-150","page","type-page","status-publish","hentry"],"acf":[],"_links":{"self":[{"href":"https:\/\/www.montanhismo-guarda.pt\/portal\/wp-json\/wp\/v2\/pages\/150","targetHints":{"allow":["GET"]}}],"collection":[{"href":"https:\/\/www.montanhismo-guarda.pt\/portal\/wp-json\/wp\/v2\/pages"}],"about":[{"href":"https:\/\/www.montanhismo-guarda.pt\/portal\/wp-json\/wp\/v2\/types\/page"}],"author":[{"embeddable":true,"href":"https:\/\/www.montanhismo-guarda.pt\/portal\/wp-json\/wp\/v2\/users\/1"}],"replies":[{"embeddable":true,"href":"https:\/\/www.montanhismo-guarda.pt\/portal\/wp-json\/wp\/v2\/comments?post=150"}],"version-history":[{"count":52,"href":"https:\/\/www.montanhismo-guarda.pt\/portal\/wp-json\/wp\/v2\/pages\/150\/revisions"}],"predecessor-version":[{"id":4114,"href":"https:\/\/www.montanhismo-guarda.pt\/portal\/wp-json\/wp\/v2\/pages\/150\/revisions\/4114"}],"up":[{"embeddable":true,"href":"https:\/\/www.montanhismo-guarda.pt\/portal\/wp-json\/wp\/v2\/pages\/4"}],"wp:attachment":[{"href":"https:\/\/www.montanhismo-guarda.pt\/portal\/wp-json\/wp\/v2\/media?parent=150"}],"curies":[{"name":"wp","href":"https:\/\/api.w.org\/{rel}","templated":true}]}}