{"id":29,"date":"2010-03-20T03:31:12","date_gmt":"2010-03-20T03:31:12","guid":{"rendered":"http:\/\/www.montanhismo-guarda.pt\/portal\/?page_id=29"},"modified":"2016-01-19T11:15:56","modified_gmt":"2016-01-19T11:15:56","slug":"equipamentos","status":"publish","type":"page","link":"https:\/\/www.montanhismo-guarda.pt\/portal\/o-clube\/equipamentos","title":{"rendered":"Equipamentos"},"content":{"rendered":"<p>O Clube de Montanhismo da Guarda tem um conjunto de recursos, para o apoio \u00e0 realiza\u00e7\u00e3o das diversas actividades.<\/p>\n<p style=\"text-align: center;\"><a href=\"https:\/\/www.montanhismo-guarda.pt\/portal\/wp-content\/uploads\/2010\/03\/IMG_8261.jpg\"><img loading=\"lazy\" decoding=\"async\" class=\"aligncenter size-medium wp-image-346\" title=\"IMG_8261\" src=\"https:\/\/www.montanhismo-guarda.pt\/portal\/wp-content\/uploads\/2010\/03\/IMG_8261-300x200.jpg\" alt=\"\" width=\"300\" height=\"200\" srcset=\"https:\/\/www.montanhismo-guarda.pt\/portal\/wp-content\/uploads\/2010\/03\/IMG_8261-300x200.jpg 300w, https:\/\/www.montanhismo-guarda.pt\/portal\/wp-content\/uploads\/2010\/03\/IMG_8261.jpg 640w\" sizes=\"auto, (max-width: 300px) 100vw, 300px\" \/><\/a>Veiculo Todo Terreno de 9 lugares<\/p>\n<p style=\"text-align: center;\"><a href=\"https:\/\/www.montanhismo-guarda.pt\/portal\/wp-content\/uploads\/2010\/03\/IMG_0405.jpg\"><img loading=\"lazy\" decoding=\"async\" class=\"aligncenter size-medium wp-image-345\" title=\"IMG_0405\" src=\"https:\/\/www.montanhismo-guarda.pt\/portal\/wp-content\/uploads\/2010\/03\/IMG_0405-200x300.jpg\" alt=\"\" width=\"200\" height=\"300\" srcset=\"https:\/\/www.montanhismo-guarda.pt\/portal\/wp-content\/uploads\/2010\/03\/IMG_0405-200x300.jpg 200w, https:\/\/www.montanhismo-guarda.pt\/portal\/wp-content\/uploads\/2010\/03\/IMG_0405.jpg 427w\" sizes=\"auto, (max-width: 200px) 100vw, 200px\" \/><\/a>Parede de Escalada artificial<\/p>\n<p style=\"text-align: center;\"><a href=\"https:\/\/www.montanhismo-guarda.pt\/portal\/wp-content\/uploads\/2010\/03\/r001-020.jpg\"><img loading=\"lazy\" decoding=\"async\" class=\"aligncenter size-medium wp-image-347\" title=\"r001-020\" src=\"https:\/\/www.montanhismo-guarda.pt\/portal\/wp-content\/uploads\/2010\/03\/r001-020-300x200.jpg\" alt=\"\" width=\"300\" height=\"200\" srcset=\"https:\/\/www.montanhismo-guarda.pt\/portal\/wp-content\/uploads\/2010\/03\/r001-020-300x200.jpg 300w, https:\/\/www.montanhismo-guarda.pt\/portal\/wp-content\/uploads\/2010\/03\/r001-020.jpg 640w\" sizes=\"auto, (max-width: 300px) 100vw, 300px\" \/><\/a>Tendas de alta montanha<\/p>\n<p style=\"text-align: center;\"><a href=\"https:\/\/www.montanhismo-guarda.pt\/portal\/wp-content\/uploads\/2010\/03\/DSC_0177.jpg\"><img loading=\"lazy\" decoding=\"async\" class=\"aligncenter size-medium wp-image-349\" title=\"DSC_0177\" src=\"https:\/\/www.montanhismo-guarda.pt\/portal\/wp-content\/uploads\/2010\/03\/DSC_0177-300x199.jpg\" alt=\"\" width=\"300\" height=\"199\" srcset=\"https:\/\/www.montanhismo-guarda.pt\/portal\/wp-content\/uploads\/2010\/03\/DSC_0177-300x200.jpg 300w, https:\/\/www.montanhismo-guarda.pt\/portal\/wp-content\/uploads\/2010\/03\/DSC_0177.jpg 1024w\" sizes=\"auto, (max-width: 300px) 100vw, 300px\" \/><\/a>Slide<\/p>\n<p style=\"text-align: center;\"><a href=\"https:\/\/www.montanhismo-guarda.pt\/portal\/wp-content\/uploads\/2010\/03\/DSC03872.jpg\"><img loading=\"lazy\" decoding=\"async\" class=\"aligncenter size-medium wp-image-383\" title=\"Tenda Azul de Campanha\" src=\"https:\/\/www.montanhismo-guarda.pt\/portal\/wp-content\/uploads\/2010\/03\/DSC03872-300x225.jpg\" alt=\"\" width=\"300\" height=\"225\" srcset=\"https:\/\/www.montanhismo-guarda.pt\/portal\/wp-content\/uploads\/2010\/03\/DSC03872-300x225.jpg 300w, https:\/\/www.montanhismo-guarda.pt\/portal\/wp-content\/uploads\/2010\/03\/DSC03872.jpg 640w\" sizes=\"auto, (max-width: 300px) 100vw, 300px\" \/><\/a>Tenda de campanha<\/p>\n<p style=\"text-align: center;\">Material de escalada<\/p>\n<p style=\"text-align: center;\">Material cartogr\u00e1fico e de orienta\u00e7\u00e3o<\/p>\n<p style=\"text-align: center;\">Bicicletas de Todo Terreno<\/p>\n","protected":false},"excerpt":{"rendered":"<p>O Clube de Montanhismo da Guarda tem um conjunto de recursos, para o apoio \u00e0 realiza\u00e7\u00e3o das diversas actividades. Veiculo Todo Terreno de 9 lugares Parede de Escalada artificial Tendas &hellip; <\/p>\n<p class=\"link-more\"><a href=\"https:\/\/www.montanhismo-guarda.pt\/portal\/o-clube\/equipamentos\" class=\"more-link\">Continuar a ler <span class=\"screen-reader-text\">&#8220;Equipamentos&#8221;<\/span><\/a><\/p>\n","protected":false},"author":1,"featured_media":0,"parent":4,"menu_order":1,"comment_status":"closed","ping_status":"open","template":"","meta":{"_acf_changed":false,"_tec_requires_first_save":true,"_EventAllDay":false,"_EventTimezone":"","_EventStartDate":"","_EventEndDate":"","_EventStartDateUTC":"","_EventEndDateUTC":"","_EventShowMap":false,"_EventShowMapLink":false,"_EventURL":"","_EventCost":"","_EventCostDescription":"","_EventCurrencySymbol":"","_EventCurrencyCode":"","_EventCurrencyPosition":"","_EventDateTimeSeparator":"","_EventTimeRangeSeparator":"","_EventOrganizerID":[],"_EventVenueID":[],"_OrganizerEmail":"","_OrganizerPhone":"","_OrganizerWebsite":"","_VenueAddress":"","_VenueCity":"","_VenueCountry":"","_VenueProvince":"","_VenueState":"","_VenueZip":"","_VenuePhone":"","_VenueURL":"","_VenueStateProvince":"","_VenueLat":"","_VenueLng":"","_VenueShowMap":false,"_VenueShowMapLink":false,"_tribe_blocks_recurrence_rules":"","_tribe_blocks_recurrence_description":"","_tribe_blocks_recurrence_exclusions":"","footnotes":""},"class_list":["post-29","page","type-page","status-publish","hentry"],"acf":[],"_links":{"self":[{"href":"https:\/\/www.montanhismo-guarda.pt\/portal\/wp-json\/wp\/v2\/pages\/29","targetHints":{"allow":["GET"]}}],"collection":[{"href":"https:\/\/www.montanhismo-guarda.pt\/portal\/wp-json\/wp\/v2\/pages"}],"about":[{"href":"https:\/\/www.montanhismo-guarda.pt\/portal\/wp-json\/wp\/v2\/types\/page"}],"author":[{"embeddable":true,"href":"https:\/\/www.montanhismo-guarda.pt\/portal\/wp-json\/wp\/v2\/users\/1"}],"replies":[{"embeddable":true,"href":"https:\/\/www.montanhismo-guarda.pt\/portal\/wp-json\/wp\/v2\/comments?post=29"}],"version-history":[{"count":17,"href":"https:\/\/www.montanhismo-guarda.pt\/portal\/wp-json\/wp\/v2\/pages\/29\/revisions"}],"predecessor-version":[{"id":1773,"href":"https:\/\/www.montanhismo-guarda.pt\/portal\/wp-json\/wp\/v2\/pages\/29\/revisions\/1773"}],"up":[{"embeddable":true,"href":"https:\/\/www.montanhismo-guarda.pt\/portal\/wp-json\/wp\/v2\/pages\/4"}],"wp:attachment":[{"href":"https:\/\/www.montanhismo-guarda.pt\/portal\/wp-json\/wp\/v2\/media?parent=29"}],"curies":[{"name":"wp","href":"https:\/\/api.w.org\/{rel}","templated":true}]}}