{"id":3799,"date":"2022-06-16T18:38:20","date_gmt":"2022-06-16T17:38:20","guid":{"rendered":"http:\/\/www.montanhismo-guarda.pt\/portal\/?page_id=3799"},"modified":"2025-11-22T11:46:43","modified_gmt":"2025-11-22T11:46:43","slug":"invernal-de-btt","status":"publish","type":"page","link":"https:\/\/www.montanhismo-guarda.pt\/portal\/invernal-de-btt","title":{"rendered":"Invernal de BTT &#8211; Cidade da Guarda"},"content":{"rendered":"<div class=\"wp-block-image\">\n<figure class=\"aligncenter size-large\"><img loading=\"lazy\" decoding=\"async\" width=\"728\" height=\"1024\" src=\"https:\/\/www.montanhismo-guarda.pt\/portal\/wp-content\/uploads\/2025\/01\/WhatsApp-Image-2025-07-31-at-18.56.04-728x1024.jpeg\" alt=\"\" class=\"wp-image-5457\" srcset=\"https:\/\/www.montanhismo-guarda.pt\/portal\/wp-content\/uploads\/2025\/01\/WhatsApp-Image-2025-07-31-at-18.56.04-728x1024.jpeg 728w, https:\/\/www.montanhismo-guarda.pt\/portal\/wp-content\/uploads\/2025\/01\/WhatsApp-Image-2025-07-31-at-18.56.04-213x300.jpeg 213w, https:\/\/www.montanhismo-guarda.pt\/portal\/wp-content\/uploads\/2025\/01\/WhatsApp-Image-2025-07-31-at-18.56.04-768x1080.jpeg 768w, https:\/\/www.montanhismo-guarda.pt\/portal\/wp-content\/uploads\/2025\/01\/WhatsApp-Image-2025-07-31-at-18.56.04-1092x1536.jpeg 1092w, https:\/\/www.montanhismo-guarda.pt\/portal\/wp-content\/uploads\/2025\/01\/WhatsApp-Image-2025-07-31-at-18.56.04.jpeg 1138w\" sizes=\"auto, (max-width: 728px) 100vw, 728px\" \/><\/figure>\n<\/div>\n\n\n<div class=\"wp-block-buttons is-horizontal is-content-justification-center is-layout-flex wp-container-core-buttons-is-layout-499968f5 wp-block-buttons-is-layout-flex\">\n<div class=\"wp-block-button is-style-outline is-style-outline--1\"><a class=\"wp-block-button__link wp-element-button\" href=\"#programa\">Programa<\/a><\/div>\n\n\n\n<div class=\"wp-block-button is-style-outline is-style-outline--2\"><a class=\"wp-block-button__link wp-element-button\" href=\"#regulamento\">Regulamento<\/a><\/div>\n\n\n\n<div class=\"wp-block-button is-style-outline is-style-outline--3\"><a class=\"wp-block-button__link has-light-green-cyan-background-color has-background wp-element-button\" href=\"#inscricao\">Inscri\u00e7\u00e3o<\/a><\/div>\n\n\n\n<div class=\"wp-block-button is-style-outline is-style-outline--4\"><a class=\"wp-block-button__link wp-element-button\" href=\"#localizacao\">Localiza\u00e7\u00e3o<\/a><\/div>\n\n\n\n<div class=\"wp-block-button is-style-outline is-style-outline--5\"><a class=\"wp-block-button__link wp-element-button\" href=\"#percursos\">Percursos<\/a><\/div>\n\n\n\n<div class=\"wp-block-button is-style-outline is-style-outline--6\"><a class=\"wp-block-button__link wp-element-button\" href=\"#extras\">Extras<\/a><\/div>\n\n\n\n<div class=\"wp-block-button is-style-outline is-style-outline--7\"><a class=\"wp-block-button__link wp-element-button\" href=\"#contactos\">Contactos<\/a><\/div>\n<\/div>\n\n\n\n<h1 class=\"wp-block-heading\" id=\"programa\">Programa<\/h1>\n\n\n\n<h3 class=\"wp-block-heading\">18 | novembro | 2025<\/h3>\n\n\n\n<ul class=\"wp-block-list\">\n<li>23h59: Encerramento das inscri\u00e7\u00f5es.<\/li>\n<\/ul>\n\n\n\n<h3 class=\"wp-block-heading\">22 | novembro | 2025<\/h3>\n\n\n\n<ul class=\"wp-block-list\">\n<li>15h30: Abertura do secretariado.<\/li>\n\n\n\n<li>18h30: Encerramento do secretariado.<\/li>\n<\/ul>\n\n\n\n<h3 class=\"wp-block-heading\">23 | novembro | 2025<\/h3>\n\n\n\n<ul class=\"wp-block-list\">\n<li>07h30: Abertura do secretariado.<\/li>\n\n\n\n<li>08h45: Encerramento do secretariado.<\/li>\n\n\n\n<li>09h00: Partida dos atletas da maratona GPS.<\/li>\n\n\n\n<li>09h10: Partida dos atletas da meia-maratona.<\/li>\n\n\n\n<li>09h20: Partida dos atletas da mini-maratona.<\/li>\n<\/ul>\n\n\n\n<h1 class=\"wp-block-heading\" id=\"regulamento\">Regulamento<\/h1>\n\n\n\n<div data-wp-interactive=\"core\/file\" class=\"wp-block-file\"><object data-wp-bind--hidden=\"!state.hasPdfPreview\" hidden class=\"wp-block-file__embed\" data=\"https:\/\/www.montanhismo-guarda.pt\/portal\/wp-content\/uploads\/2025\/08\/REGULAMENTO-Invernal-2025.pdf\" type=\"application\/pdf\" style=\"width:100%;height:600px\" aria-label=\"Incorpora\u00e7\u00e3o de REGULAMENTO Invernal 2025.\"><\/object><a id=\"wp-block-file--media-bfd241b6-09a2-4f17-984f-695aba2bf61a\" href=\"https:\/\/www.montanhismo-guarda.pt\/portal\/wp-content\/uploads\/2025\/08\/REGULAMENTO-Invernal-2025.pdf\">REGULAMENTO Invernal 2025<\/a><a href=\"https:\/\/www.montanhismo-guarda.pt\/portal\/wp-content\/uploads\/2025\/08\/REGULAMENTO-Invernal-2025.pdf\" class=\"wp-block-file__button wp-element-button\" download aria-describedby=\"wp-block-file--media-bfd241b6-09a2-4f17-984f-695aba2bf61a\">Descarregar<\/a><\/div>\n\n\n\n<h1 class=\"wp-block-heading\" id=\"inscricao\">Inscri\u00e7\u00e3o<\/h1>\n\n\n\n\n\n\n\n<div class=\"wp-block-buttons is-horizontal is-content-justification-center is-layout-flex wp-container-core-buttons-is-layout-499968f5 wp-block-buttons-is-layout-flex\">\n<div class=\"wp-block-button has-custom-width wp-block-button__width-50\"><a class=\"wp-block-button__link has-black-color has-luminous-vivid-amber-background-color has-text-color has-background wp-element-button\" href=\"https:\/\/apedalar.pt\/eventos\/3992\/info\">INSCRI\u00c7\u00d5ES ENCERRADAS &#8211; at\u00e9 para o ano<\/a><\/div>\n\n\n\n<div class=\"wp-block-button has-custom-width wp-block-button__width-25\"><a class=\"wp-block-button__link has-black-color has-pale-cyan-blue-background-color has-text-color has-background wp-element-button\" href=\"https:\/\/apedalar.pt\/eventos\/3992\/info#inscricoes-section\" target=\"_blank\" rel=\"noreferrer noopener\">Ver dorsais<\/a><\/div>\n<\/div>\n\n\n\n<div style=\"height:24px\" aria-hidden=\"true\" class=\"wp-block-spacer\"><\/div>\n\n\n\n<p>A inscri\u00e7\u00e3o dum menor s\u00f3 ser\u00e1 v\u00e1lida com a entrega do respectivo termo de responsabilidade preenchido:<\/p>\n\n\n\n<p class=\"has-text-align-center\"><a href=\"https:\/\/www.montanhismo-guarda.pt\/portal\/wp-content\/uploads\/2024\/03\/Termo-Responsabilida-Menor-de-idade-PDF.pdf\" target=\"_blank\" rel=\"noreferrer noopener\">Descarrega aqui o termo de responsabilidade<\/a><\/p>\n\n\n\n<h1 class=\"wp-block-heading\" id=\"localizacao\">Localiza\u00e7\u00e3o<\/h1>\n\n\n\n\n\n<div class=\"wp-block-buttons is-horizontal is-content-justification-center is-layout-flex wp-container-core-buttons-is-layout-499968f5 wp-block-buttons-is-layout-flex\">\n<div class=\"wp-block-button is-style-outline is-style-outline--8\"><a class=\"wp-block-button__link wp-element-button\" href=\"https:\/\/goo.gl\/maps\/NqMhMftyK7PecHZZ8\" target=\"_blank\" rel=\"noreferrer noopener\">Google Maps<\/a><\/div>\n\n\n\n<div class=\"wp-block-button is-style-outline is-style-outline--9\"><a class=\"wp-block-button__link wp-element-button\" href=\"https:\/\/ul.waze.com\/ul?ll=40.54878181%2C-7.25142717&amp;navigate=yes&amp;utm_campaign=default&amp;utm_source=waze_website&amp;utm_medium=lm_share_location\" target=\"_blank\" rel=\"noreferrer noopener\">Waze<\/a><\/div>\n<\/div>\n\n\n\n<div style=\"height:24px\" aria-hidden=\"true\" class=\"wp-block-spacer\"><\/div>\n\n\n\n<div class=\"wp-block-group is-content-justification-center is-nowrap is-layout-flex wp-container-core-group-is-layout-94bc23d7 wp-block-group-is-layout-flex\">\n<div><iframe loading=\"lazy\" width=\"425\" height=\"350\" frameborder=\"0\" scrolling=\"no\" marginheight=\"0\" marginwidth=\"0\" src=\"https:\/\/www.openstreetmap.org\/export\/embed.html?bbox=-7.253715097904206%2C40.54761601205235%2C-7.249434292316438%2C40.54947678918509&amp;layer=cyclemap&amp;marker=40.54854640708151%2C-7.251574695110321\" style=\"border: 1px solid black\"><\/iframe><br\/><small><a href=\"https:\/\/www.openstreetmap.org\/?mlat=40.54855&amp;mlon=-7.25157#map=19\/40.54855\/-7.25157&amp;layers=C\" target=\"_blank\" rel=\"noopener\">Ver mapa maior<\/a><\/small><\/div>\n<\/div>\n\n\n\n<h1 class=\"wp-block-heading\" id=\"percursos\">Percursos<\/h1>\n\n\n\n\n\n<div class=\"wp-block-group\"><div class=\"wp-block-group__inner-container is-layout-constrained wp-block-group-is-layout-constrained\">\n<h2 class=\"wp-block-heading\">Maratona<\/h2>\n\n\n\n<iframe src=\"https:\/\/ridewithgps.com\/embeds?type=route&#038;id=53018796&#038;metricUnits=true&#038;sampleGraph=true&#038;distanceMarkers=true&#038;hideSurface=true\" style=\"width: 1px; min-width: 100%; height: 700px; border: none;\" scrolling=\"no\"><\/iframe>\n\n\n\n<div class=\"wp-block-file aligncenter\"><a id=\"wp-block-file--media-9c8d1d36-f963-4bfb-a9fa-1ccb6d1e02bb\" href=\"https:\/\/www.montanhismo-guarda.pt\/portal\/wp-content\/uploads\/2025\/11\/Invernal-de-BTT-2025_Maratona.gpx\">Invernal-de-BTT-2025_Maratona<\/a><a href=\"https:\/\/www.montanhismo-guarda.pt\/portal\/wp-content\/uploads\/2025\/11\/Invernal-de-BTT-2025_Maratona.gpx\" class=\"wp-block-file__button wp-element-button\" download aria-describedby=\"wp-block-file--media-9c8d1d36-f963-4bfb-a9fa-1ccb6d1e02bb\">Descarregar<\/a><\/div>\n\n\n\n\n\n<h2 class=\"wp-block-heading\">Meia Maratona<\/h2>\n\n\n\n<iframe src=\"https:\/\/ridewithgps.com\/embeds?type=route&#038;id=53018472&#038;metricUnits=true&#038;sampleGraph=true&#038;distanceMarkers=true&#038;hideSurface=true\" style=\"width: 1px; min-width: 100%; height: 700px; border: none;\" scrolling=\"no\"><\/iframe>\n\n\n\n<div class=\"wp-block-file aligncenter\"><a id=\"wp-block-file--media-5422995f-007b-4a28-8ada-3a75c96ff6d0\" href=\"https:\/\/www.montanhismo-guarda.pt\/portal\/wp-content\/uploads\/2025\/11\/Invernal-de-BTT-2025_Meia-Maratona.gpx\">Invernal-de-BTT_2025_Meia Maratona<\/a><a href=\"https:\/\/www.montanhismo-guarda.pt\/portal\/wp-content\/uploads\/2025\/11\/Invernal-de-BTT-2025_Meia-Maratona.gpx\" class=\"wp-block-file__button wp-element-button\" download aria-describedby=\"wp-block-file--media-5422995f-007b-4a28-8ada-3a75c96ff6d0\">Descarregar<\/a><\/div>\n\n\n\n\n\n<h2 class=\"wp-block-heading\">Mini Maratona<\/h2>\n\n\n\n<iframe src=\"https:\/\/ridewithgps.com\/embeds?type=route&#038;id=53125999&#038;metricUnits=true&#038;sampleGraph=true&#038;distanceMarkers=true&#038;hideSurface=true\" style=\"width: 1px; min-width: 100%; height: 700px; border: none;\" scrolling=\"no\"><\/iframe>\n\n\n\n<div class=\"wp-block-file aligncenter\"><a id=\"wp-block-file--media-63d1abee-b52f-4492-994b-087ca4e7d2fb\" href=\"https:\/\/www.montanhismo-guarda.pt\/portal\/wp-content\/uploads\/2025\/11\/Invernal-de-BTT-2025_Mini_Maratona.gpx\">Invernal-de-BTT-2025_Mini_Maratona<\/a><a href=\"https:\/\/www.montanhismo-guarda.pt\/portal\/wp-content\/uploads\/2025\/11\/Invernal-de-BTT-2025_Mini_Maratona.gpx\" class=\"wp-block-file__button wp-element-button\" download aria-describedby=\"wp-block-file--media-63d1abee-b52f-4492-994b-087ca4e7d2fb\">Descarregar<\/a><\/div>\n\n\n\n\n\n<p>Nota: as altimetrias e percursos aqui disponibilizados poder\u00e3o ser atualizados v\u00e1rias vezes at\u00e9 ao dia da prova.<\/p>\n\n\n<\/div><\/div>\n\n\n\n<h1 class=\"wp-block-heading\" id=\"extras\">Extras<\/h1>\n\n\n\n<p>Com a tua inscri\u00e7\u00e3o podes adquirir produtos da Invernal de BTT 2025:<\/p>\n\n\n\n<figure class=\"wp-block-gallery has-nested-images columns-2 is-cropped wp-block-gallery-10 is-layout-flex wp-block-gallery-is-layout-flex\">\n<figure data-wp-context=\"{&quot;imageId&quot;:&quot;69f699f9bf5e5&quot;}\" data-wp-interactive=\"core\/image\" data-wp-key=\"69f699f9bf5e5\" class=\"wp-block-image size-large is-style-default wp-lightbox-container\"><img loading=\"lazy\" decoding=\"async\" width=\"684\" height=\"1024\" data-wp-class--hide=\"state.isContentHidden\" data-wp-class--show=\"state.isContentVisible\" data-wp-init=\"callbacks.setButtonStyles\" data-wp-on--click=\"actions.showLightbox\" data-wp-on--load=\"callbacks.setButtonStyles\" data-wp-on-window--resize=\"callbacks.setButtonStyles\" data-id=\"5541\" src=\"https:\/\/www.montanhismo-guarda.pt\/portal\/wp-content\/uploads\/2025\/10\/ibtt2025-equipamento-jersey-calcoes-684x1024.jpeg\" alt=\"\" class=\"wp-image-5541\" srcset=\"https:\/\/www.montanhismo-guarda.pt\/portal\/wp-content\/uploads\/2025\/10\/ibtt2025-equipamento-jersey-calcoes-684x1024.jpeg 684w, https:\/\/www.montanhismo-guarda.pt\/portal\/wp-content\/uploads\/2025\/10\/ibtt2025-equipamento-jersey-calcoes-200x300.jpeg 200w, https:\/\/www.montanhismo-guarda.pt\/portal\/wp-content\/uploads\/2025\/10\/ibtt2025-equipamento-jersey-calcoes-768x1151.jpeg 768w, https:\/\/www.montanhismo-guarda.pt\/portal\/wp-content\/uploads\/2025\/10\/ibtt2025-equipamento-jersey-calcoes-1025x1536.jpeg 1025w, https:\/\/www.montanhismo-guarda.pt\/portal\/wp-content\/uploads\/2025\/10\/ibtt2025-equipamento-jersey-calcoes.jpeg 1367w\" sizes=\"auto, (max-width: 684px) 100vw, 684px\" \/><button\n\t\t\tclass=\"lightbox-trigger\"\n\t\t\ttype=\"button\"\n\t\t\taria-haspopup=\"dialog\"\n\t\t\taria-label=\"Ampliar\"\n\t\t\tdata-wp-init=\"callbacks.initTriggerButton\"\n\t\t\tdata-wp-on--click=\"actions.showLightbox\"\n\t\t\tdata-wp-style--right=\"state.imageButtonRight\"\n\t\t\tdata-wp-style--top=\"state.imageButtonTop\"\n\t\t>\n\t\t\t<svg xmlns=\"http:\/\/www.w3.org\/2000\/svg\" width=\"12\" height=\"12\" fill=\"none\" viewBox=\"0 0 12 12\">\n\t\t\t\t<path fill=\"#fff\" d=\"M2 0a2 2 0 0 0-2 2v2h1.5V2a.5.5 0 0 1 .5-.5h2V0H2Zm2 10.5H2a.5.5 0 0 1-.5-.5V8H0v2a2 2 0 0 0 2 2h2v-1.5ZM8 12v-1.5h2a.5.5 0 0 0 .5-.5V8H12v2a2 2 0 0 1-2 2H8Zm2-12a2 2 0 0 1 2 2v2h-1.5V2a.5.5 0 0 0-.5-.5H8V0h2Z\" \/>\n\t\t\t<\/svg>\n\t\t<\/button><figcaption class=\"wp-element-caption\"><strong>Jersey \u2192 8\u20ac<br>Cal\u00e7\u00f5es<strong> \u2192<\/strong> 35\u20ac<br>Meias<strong> \u2192<\/strong> 6\u20ac<\/strong><\/figcaption><\/figure>\n\n\n\n<figure data-wp-context=\"{&quot;imageId&quot;:&quot;69f699f9c0d3e&quot;}\" data-wp-interactive=\"core\/image\" data-wp-key=\"69f699f9c0d3e\" class=\"wp-block-image size-large wp-lightbox-container\"><img loading=\"lazy\" decoding=\"async\" width=\"684\" height=\"1024\" data-wp-class--hide=\"state.isContentHidden\" data-wp-class--show=\"state.isContentVisible\" data-wp-init=\"callbacks.setButtonStyles\" data-wp-on--click=\"actions.showLightbox\" data-wp-on--load=\"callbacks.setButtonStyles\" data-wp-on-window--resize=\"callbacks.setButtonStyles\" data-id=\"5542\" src=\"https:\/\/www.montanhismo-guarda.pt\/portal\/wp-content\/uploads\/2025\/10\/ibtt2025-equipamento-jersey-calcas-684x1024.jpeg\" alt=\"\" class=\"wp-image-5542\" srcset=\"https:\/\/www.montanhismo-guarda.pt\/portal\/wp-content\/uploads\/2025\/10\/ibtt2025-equipamento-jersey-calcas-684x1024.jpeg 684w, https:\/\/www.montanhismo-guarda.pt\/portal\/wp-content\/uploads\/2025\/10\/ibtt2025-equipamento-jersey-calcas-200x300.jpeg 200w, https:\/\/www.montanhismo-guarda.pt\/portal\/wp-content\/uploads\/2025\/10\/ibtt2025-equipamento-jersey-calcas-768x1151.jpeg 768w, https:\/\/www.montanhismo-guarda.pt\/portal\/wp-content\/uploads\/2025\/10\/ibtt2025-equipamento-jersey-calcas-1025x1536.jpeg 1025w, https:\/\/www.montanhismo-guarda.pt\/portal\/wp-content\/uploads\/2025\/10\/ibtt2025-equipamento-jersey-calcas.jpeg 1367w\" sizes=\"auto, (max-width: 684px) 100vw, 684px\" \/><button\n\t\t\tclass=\"lightbox-trigger\"\n\t\t\ttype=\"button\"\n\t\t\taria-haspopup=\"dialog\"\n\t\t\taria-label=\"Ampliar\"\n\t\t\tdata-wp-init=\"callbacks.initTriggerButton\"\n\t\t\tdata-wp-on--click=\"actions.showLightbox\"\n\t\t\tdata-wp-style--right=\"state.imageButtonRight\"\n\t\t\tdata-wp-style--top=\"state.imageButtonTop\"\n\t\t>\n\t\t\t<svg xmlns=\"http:\/\/www.w3.org\/2000\/svg\" width=\"12\" height=\"12\" fill=\"none\" viewBox=\"0 0 12 12\">\n\t\t\t\t<path fill=\"#fff\" d=\"M2 0a2 2 0 0 0-2 2v2h1.5V2a.5.5 0 0 1 .5-.5h2V0H2Zm2 10.5H2a.5.5 0 0 1-.5-.5V8H0v2a2 2 0 0 0 2 2h2v-1.5ZM8 12v-1.5h2a.5.5 0 0 0 .5-.5V8H12v2a2 2 0 0 1-2 2H8Zm2-12a2 2 0 0 1 2 2v2h-1.5V2a.5.5 0 0 0-.5-.5H8V0h2Z\" \/>\n\t\t\t<\/svg>\n\t\t<\/button><figcaption class=\"wp-element-caption\"><strong>Jersey<strong> \u2192<\/strong> 8\u20ac<br>Cal\u00e7as<strong> \u2192<\/strong> 40\u20ac<\/strong><\/figcaption><\/figure>\n\n\n\n<figure data-wp-context=\"{&quot;imageId&quot;:&quot;69f699f9c3c45&quot;}\" data-wp-interactive=\"core\/image\" data-wp-key=\"69f699f9c3c45\" class=\"wp-block-image size-large wp-lightbox-container\"><img loading=\"lazy\" decoding=\"async\" width=\"1024\" height=\"819\" data-wp-class--hide=\"state.isContentHidden\" data-wp-class--show=\"state.isContentVisible\" data-wp-init=\"callbacks.setButtonStyles\" data-wp-on--click=\"actions.showLightbox\" data-wp-on--load=\"callbacks.setButtonStyles\" data-wp-on-window--resize=\"callbacks.setButtonStyles\" data-id=\"5544\" src=\"https:\/\/www.montanhismo-guarda.pt\/portal\/wp-content\/uploads\/2025\/10\/ibtt2025-equipamento-meias-frente-1024x819.jpeg\" alt=\"\" class=\"wp-image-5544\" srcset=\"https:\/\/www.montanhismo-guarda.pt\/portal\/wp-content\/uploads\/2025\/10\/ibtt2025-equipamento-meias-frente-1024x819.jpeg 1024w, https:\/\/www.montanhismo-guarda.pt\/portal\/wp-content\/uploads\/2025\/10\/ibtt2025-equipamento-meias-frente-300x240.jpeg 300w, https:\/\/www.montanhismo-guarda.pt\/portal\/wp-content\/uploads\/2025\/10\/ibtt2025-equipamento-meias-frente-768x614.jpeg 768w, https:\/\/www.montanhismo-guarda.pt\/portal\/wp-content\/uploads\/2025\/10\/ibtt2025-equipamento-meias-frente-1536x1229.jpeg 1536w, https:\/\/www.montanhismo-guarda.pt\/portal\/wp-content\/uploads\/2025\/10\/ibtt2025-equipamento-meias-frente.jpeg 2048w\" sizes=\"auto, (max-width: 767px) 89vw, (max-width: 1000px) 54vw, (max-width: 1071px) 543px, 580px\" \/><button\n\t\t\tclass=\"lightbox-trigger\"\n\t\t\ttype=\"button\"\n\t\t\taria-haspopup=\"dialog\"\n\t\t\taria-label=\"Ampliar\"\n\t\t\tdata-wp-init=\"callbacks.initTriggerButton\"\n\t\t\tdata-wp-on--click=\"actions.showLightbox\"\n\t\t\tdata-wp-style--right=\"state.imageButtonRight\"\n\t\t\tdata-wp-style--top=\"state.imageButtonTop\"\n\t\t>\n\t\t\t<svg xmlns=\"http:\/\/www.w3.org\/2000\/svg\" width=\"12\" height=\"12\" fill=\"none\" viewBox=\"0 0 12 12\">\n\t\t\t\t<path fill=\"#fff\" d=\"M2 0a2 2 0 0 0-2 2v2h1.5V2a.5.5 0 0 1 .5-.5h2V0H2Zm2 10.5H2a.5.5 0 0 1-.5-.5V8H0v2a2 2 0 0 0 2 2h2v-1.5ZM8 12v-1.5h2a.5.5 0 0 0 .5-.5V8H12v2a2 2 0 0 1-2 2H8Zm2-12a2 2 0 0 1 2 2v2h-1.5V2a.5.5 0 0 0-.5-.5H8V0h2Z\" \/>\n\t\t\t<\/svg>\n\t\t<\/button><figcaption class=\"wp-element-caption\">Vista anterior das Meias<\/figcaption><\/figure>\n\n\n\n<figure data-wp-context=\"{&quot;imageId&quot;:&quot;69f699f9c546b&quot;}\" data-wp-interactive=\"core\/image\" data-wp-key=\"69f699f9c546b\" class=\"wp-block-image size-large wp-lightbox-container\"><img loading=\"lazy\" decoding=\"async\" width=\"1024\" height=\"819\" data-wp-class--hide=\"state.isContentHidden\" data-wp-class--show=\"state.isContentVisible\" data-wp-init=\"callbacks.setButtonStyles\" data-wp-on--click=\"actions.showLightbox\" data-wp-on--load=\"callbacks.setButtonStyles\" data-wp-on-window--resize=\"callbacks.setButtonStyles\" data-id=\"5545\" src=\"https:\/\/www.montanhismo-guarda.pt\/portal\/wp-content\/uploads\/2025\/10\/ibtt2025-equipamento-meias-tras-1024x819.jpeg\" alt=\"\" class=\"wp-image-5545\" srcset=\"https:\/\/www.montanhismo-guarda.pt\/portal\/wp-content\/uploads\/2025\/10\/ibtt2025-equipamento-meias-tras-1024x819.jpeg 1024w, https:\/\/www.montanhismo-guarda.pt\/portal\/wp-content\/uploads\/2025\/10\/ibtt2025-equipamento-meias-tras-300x240.jpeg 300w, https:\/\/www.montanhismo-guarda.pt\/portal\/wp-content\/uploads\/2025\/10\/ibtt2025-equipamento-meias-tras-768x614.jpeg 768w, https:\/\/www.montanhismo-guarda.pt\/portal\/wp-content\/uploads\/2025\/10\/ibtt2025-equipamento-meias-tras-1536x1229.jpeg 1536w, https:\/\/www.montanhismo-guarda.pt\/portal\/wp-content\/uploads\/2025\/10\/ibtt2025-equipamento-meias-tras.jpeg 2048w\" sizes=\"auto, (max-width: 767px) 89vw, (max-width: 1000px) 54vw, (max-width: 1071px) 543px, 580px\" \/><button\n\t\t\tclass=\"lightbox-trigger\"\n\t\t\ttype=\"button\"\n\t\t\taria-haspopup=\"dialog\"\n\t\t\taria-label=\"Ampliar\"\n\t\t\tdata-wp-init=\"callbacks.initTriggerButton\"\n\t\t\tdata-wp-on--click=\"actions.showLightbox\"\n\t\t\tdata-wp-style--right=\"state.imageButtonRight\"\n\t\t\tdata-wp-style--top=\"state.imageButtonTop\"\n\t\t>\n\t\t\t<svg xmlns=\"http:\/\/www.w3.org\/2000\/svg\" width=\"12\" height=\"12\" fill=\"none\" viewBox=\"0 0 12 12\">\n\t\t\t\t<path fill=\"#fff\" d=\"M2 0a2 2 0 0 0-2 2v2h1.5V2a.5.5 0 0 1 .5-.5h2V0H2Zm2 10.5H2a.5.5 0 0 1-.5-.5V8H0v2a2 2 0 0 0 2 2h2v-1.5ZM8 12v-1.5h2a.5.5 0 0 0 .5-.5V8H12v2a2 2 0 0 1-2 2H8Zm2-12a2 2 0 0 1 2 2v2h-1.5V2a.5.5 0 0 0-.5-.5H8V0h2Z\" \/>\n\t\t\t<\/svg>\n\t\t<\/button><figcaption class=\"wp-element-caption\">Vista posterior das Meias<\/figcaption><\/figure>\n<\/figure>\n\n\n\n<figure class=\"wp-block-table alignleft is-style-regular\"><table><tbody><tr><td>Jersey<\/td><td><strong>\u2192<\/strong><\/td><td>8 \u20ac<\/td><\/tr><tr><td>Cal\u00e7\u00f5es<\/td><td><strong>\u2192<\/strong><\/td><td>35 \u20ac<\/td><\/tr><tr><td>Cal\u00e7as<\/td><td><strong>\u2192<\/strong><\/td><td>40 \u20ac<\/td><\/tr><tr><td>Meias<\/td><td><strong>\u2192<\/strong><\/td><td>6 \u20ac<\/td><\/tr><\/tbody><\/table><\/figure>\n\n\n\n<h1 class=\"wp-block-heading\" id=\"contactos\">Contactos<\/h1>\n\n\n\n<p><a href=\"mailto:invernalbtt@gmail.com\" target=\"_blank\" rel=\"noreferrer noopener\">invernalbtt@gmail.com<\/a><\/p>\n\n\n\n<p><\/p>\n","protected":false},"excerpt":{"rendered":"<p>Programa 18 | novembro | 2025 22 | novembro | 2025 23 | novembro | 2025 Regulamento Inscri\u00e7\u00e3o A inscri\u00e7\u00e3o dum menor s\u00f3 ser\u00e1 v\u00e1lida com a entrega do respectivo &hellip; <\/p>\n<p class=\"link-more\"><a href=\"https:\/\/www.montanhismo-guarda.pt\/portal\/invernal-de-btt\" class=\"more-link\">Continuar a ler <span class=\"screen-reader-text\">&#8220;Invernal de BTT &#8211; Cidade da Guarda&#8221;<\/span><\/a><\/p>\n","protected":false},"author":1,"featured_media":0,"parent":0,"menu_order":0,"comment_status":"closed","ping_status":"closed","template":"","meta":{"_acf_changed":false,"_tec_requires_first_save":true,"_EventAllDay":false,"_EventTimezone":"","_EventStartDate":"","_EventEndDate":"","_EventStartDateUTC":"","_EventEndDateUTC":"","_EventShowMap":false,"_EventShowMapLink":false,"_EventURL":"","_EventCost":"","_EventCostDescription":"","_EventCurrencySymbol":"","_EventCurrencyCode":"","_EventCurrencyPosition":"","_EventDateTimeSeparator":"","_EventTimeRangeSeparator":"","_EventOrganizerID":[],"_EventVenueID":[],"_OrganizerEmail":"","_OrganizerPhone":"","_OrganizerWebsite":"","_VenueAddress":"","_VenueCity":"","_VenueCountry":"","_VenueProvince":"","_VenueState":"","_VenueZip":"","_VenuePhone":"","_VenueURL":"","_VenueStateProvince":"","_VenueLat":"","_VenueLng":"","_VenueShowMap":false,"_VenueShowMapLink":false,"_tribe_blocks_recurrence_rules":"","_tribe_blocks_recurrence_description":"","_tribe_blocks_recurrence_exclusions":"","footnotes":""},"class_list":["post-3799","page","type-page","status-publish","hentry"],"acf":[],"_links":{"self":[{"href":"https:\/\/www.montanhismo-guarda.pt\/portal\/wp-json\/wp\/v2\/pages\/3799","targetHints":{"allow":["GET"]}}],"collection":[{"href":"https:\/\/www.montanhismo-guarda.pt\/portal\/wp-json\/wp\/v2\/pages"}],"about":[{"href":"https:\/\/www.montanhismo-guarda.pt\/portal\/wp-json\/wp\/v2\/types\/page"}],"author":[{"embeddable":true,"href":"https:\/\/www.montanhismo-guarda.pt\/portal\/wp-json\/wp\/v2\/users\/1"}],"replies":[{"embeddable":true,"href":"https:\/\/www.montanhismo-guarda.pt\/portal\/wp-json\/wp\/v2\/comments?post=3799"}],"version-history":[{"count":88,"href":"https:\/\/www.montanhismo-guarda.pt\/portal\/wp-json\/wp\/v2\/pages\/3799\/revisions"}],"predecessor-version":[{"id":5666,"href":"https:\/\/www.montanhismo-guarda.pt\/portal\/wp-json\/wp\/v2\/pages\/3799\/revisions\/5666"}],"wp:attachment":[{"href":"https:\/\/www.montanhismo-guarda.pt\/portal\/wp-json\/wp\/v2\/media?parent=3799"}],"curies":[{"name":"wp","href":"https:\/\/api.w.org\/{rel}","templated":true}]}}