{"id":44,"date":"2010-03-20T03:34:04","date_gmt":"2010-03-20T03:34:04","guid":{"rendered":"http:\/\/www.montanhismo-guarda.pt\/portal\/?page_id=44"},"modified":"2020-01-26T22:30:22","modified_gmt":"2020-01-26T22:30:22","slug":"orientacao","status":"publish","type":"page","link":"https:\/\/www.montanhismo-guarda.pt\/portal\/atividades\/orientacao","title":{"rendered":"Orienta\u00e7\u00e3o"},"content":{"rendered":"<p style=\"text-align: justify;\">Das mais variadas formas, a orienta\u00e7\u00e3o est\u00e1 ligada a todas as actividade de montanha.<\/p>\n<p style=\"text-align: justify;\">Desde a prepara\u00e7\u00e3o das actividades \u00e0 realiza\u00e7\u00e3o das mesmas. Desde a mais simples caminhada \u00e0 mais exigente actividade a orienta\u00e7\u00e3o est\u00e1 sempre impl\u00edcita nas actividades.<\/p>\n<p style=\"text-align: justify;\">O Clube de Montanhismo da Guarda, tem organizado ac\u00e7\u00f5es de forma\u00e7\u00e3o e algumas actividades nesta \u00e1rea de forma a dotar os s\u00f3cios de capacidades indispens\u00e1veis para a pr\u00e1tica de v\u00e1rias actividade na montanha.<\/p>\n<p style=\"text-align: justify;\">Na vertente mais competitiva, a orienta\u00e7\u00e3o est\u00e1 presente no clube atrav\u00e9s da participa\u00e7\u00e3o nas provas da Ta\u00e7a de Portugal e Campeonato Nacional de Ori-BTT (Orienta\u00e7\u00e3o em Bicicleta Todo terreno) e Campeonato Nacional de Orienta\u00e7\u00e3o Pedestre, onde esta disciplina \u00e9 levada mais ao detalhe a lutar sempre contra o rel\u00f3gio.<\/p>\n<p style=\"text-align: justify;\">Os objectivos do clube na Orienta\u00e7\u00e3o passa por:<\/p>\n<p style=\"text-align: justify;\">&#8211; efectuar forma\u00e7\u00f5es de Orienta\u00e7\u00e3o;<\/p>\n<p style=\"text-align: justify;\">&#8211; organiza\u00e7\u00e3o de percursos de orienta\u00e7\u00e3o;<\/p>\n<p style=\"text-align: justify;\">&#8211; participa\u00e7\u00e3o na Ta\u00e7a de Portugal e Campeonato Nacional de Ori-BTT;<\/p>\n<p style=\"text-align: justify;\">&#8211; participa\u00e7\u00e3o no Campeonato Nacional de Ori-Pedestre.<\/p>\n<p style=\"text-align: justify;\">\n","protected":false},"excerpt":{"rendered":"<p>Das mais variadas formas, a orienta\u00e7\u00e3o est\u00e1 ligada a todas as actividade de montanha. Desde a prepara\u00e7\u00e3o das actividades \u00e0 realiza\u00e7\u00e3o das mesmas. Desde a mais simples caminhada \u00e0 mais &hellip; <\/p>\n<p class=\"link-more\"><a href=\"https:\/\/www.montanhismo-guarda.pt\/portal\/atividades\/orientacao\" class=\"more-link\">Continuar a ler <span class=\"screen-reader-text\">&#8220;Orienta\u00e7\u00e3o&#8221;<\/span><\/a><\/p>\n","protected":false},"author":1,"featured_media":0,"parent":2699,"menu_order":0,"comment_status":"closed","ping_status":"closed","template":"","meta":{"_acf_changed":false,"_tec_requires_first_save":true,"_EventAllDay":false,"_EventTimezone":"","_EventStartDate":"","_EventEndDate":"","_EventStartDateUTC":"","_EventEndDateUTC":"","_EventShowMap":false,"_EventShowMapLink":false,"_EventURL":"","_EventCost":"","_EventCostDescription":"","_EventCurrencySymbol":"","_EventCurrencyCode":"","_EventCurrencyPosition":"","_EventDateTimeSeparator":"","_EventTimeRangeSeparator":"","_EventOrganizerID":[],"_EventVenueID":[],"_OrganizerEmail":"","_OrganizerPhone":"","_OrganizerWebsite":"","_VenueAddress":"","_VenueCity":"","_VenueCountry":"","_VenueProvince":"","_VenueState":"","_VenueZip":"","_VenuePhone":"","_VenueURL":"","_VenueStateProvince":"","_VenueLat":"","_VenueLng":"","_VenueShowMap":false,"_VenueShowMapLink":false,"_tribe_blocks_recurrence_rules":"","_tribe_blocks_recurrence_description":"","_tribe_blocks_recurrence_exclusions":"","footnotes":""},"class_list":["post-44","page","type-page","status-publish","hentry"],"acf":[],"_links":{"self":[{"href":"https:\/\/www.montanhismo-guarda.pt\/portal\/wp-json\/wp\/v2\/pages\/44","targetHints":{"allow":["GET"]}}],"collection":[{"href":"https:\/\/www.montanhismo-guarda.pt\/portal\/wp-json\/wp\/v2\/pages"}],"about":[{"href":"https:\/\/www.montanhismo-guarda.pt\/portal\/wp-json\/wp\/v2\/types\/page"}],"author":[{"embeddable":true,"href":"https:\/\/www.montanhismo-guarda.pt\/portal\/wp-json\/wp\/v2\/users\/1"}],"replies":[{"embeddable":true,"href":"https:\/\/www.montanhismo-guarda.pt\/portal\/wp-json\/wp\/v2\/comments?post=44"}],"version-history":[{"count":8,"href":"https:\/\/www.montanhismo-guarda.pt\/portal\/wp-json\/wp\/v2\/pages\/44\/revisions"}],"predecessor-version":[{"id":2857,"href":"https:\/\/www.montanhismo-guarda.pt\/portal\/wp-json\/wp\/v2\/pages\/44\/revisions\/2857"}],"up":[{"embeddable":true,"href":"https:\/\/www.montanhismo-guarda.pt\/portal\/wp-json\/wp\/v2\/pages\/2699"}],"wp:attachment":[{"href":"https:\/\/www.montanhismo-guarda.pt\/portal\/wp-json\/wp\/v2\/media?parent=44"}],"curies":[{"name":"wp","href":"https:\/\/api.w.org\/{rel}","templated":true}]}}