{"id":57,"date":"2010-03-20T03:46:18","date_gmt":"2010-03-20T03:46:18","guid":{"rendered":"http:\/\/www.montanhismo-guarda.pt\/portal\/?page_id=57"},"modified":"2020-01-23T15:01:29","modified_gmt":"2020-01-23T15:01:29","slug":"formacao","status":"publish","type":"page","link":"https:\/\/www.montanhismo-guarda.pt\/portal\/atividades\/formacao","title":{"rendered":"Forma\u00e7\u00e3o"},"content":{"rendered":"<p style=\"text-align: justify;\">A forma\u00e7\u00e3o est\u00e1 associada nas mais variadas formas, a todas as actividades de montanha que o clube promove.<\/p>\n<p style=\"text-align: justify;\">O Clube de Montanhismo da Guarda tem ao longo dos anos, organizado v\u00e1rias forma\u00e7\u00f5es de forma a incentivar e a complementar a evolu\u00e7\u00e3o dos associados nas diversas modalidades.<\/p>\n<p style=\"text-align: justify;\"><a href=\"https:\/\/www.montanhismo-guarda.pt\/portal\/wp-content\/uploads\/2010\/03\/DSC_0127.jpg\"><img loading=\"lazy\" decoding=\"async\" class=\"aligncenter size-medium wp-image-555\" title=\"DSC_0127\" src=\"https:\/\/www.montanhismo-guarda.pt\/portal\/wp-content\/uploads\/2010\/03\/DSC_0127-300x199.jpg\" alt=\"\" width=\"300\" height=\"199\" srcset=\"https:\/\/www.montanhismo-guarda.pt\/portal\/wp-content\/uploads\/2010\/03\/DSC_0127-300x200.jpg 300w, https:\/\/www.montanhismo-guarda.pt\/portal\/wp-content\/uploads\/2010\/03\/DSC_0127.jpg 480w\" sizes=\"auto, (max-width: 300px) 100vw, 300px\" \/><\/a><\/p>\n<p style=\"text-align: justify;\">Das in\u00fameras forma\u00e7\u00f5es salientamos:<\/p>\n<p style=\"text-align: justify;\">&#8211; Inicia\u00e7\u00e3o \u00e0 Escalada<\/p>\n<p style=\"text-align: justify;\">&#8211; T\u00e9cnicas Invernais<\/p>\n<p style=\"text-align: justify;\">&#8211; Orienta\u00e7\u00e3o<\/p>\n<p style=\"text-align: justify;\">&#8211; Inicia\u00e7\u00e3o \u00e0 Vela<\/p>\n<p style=\"text-align: justify;\">&#8211; Manobras com Cordas<\/p>\n<p style=\"text-align: justify;\">&#8211; Meteorologia na Montanha<\/p>\n<p style=\"text-align: justify;\">&#8211; Inicia\u00e7\u00e3o \u00e0 canoagem em \u00c1guas Bravas<\/p>\n<p><a href=\"https:\/\/www.montanhismo-guarda.pt\/portal\/wp-content\/uploads\/2010\/03\/P1010117.jpg\"><img loading=\"lazy\" decoding=\"async\" class=\"size-full wp-image-556 alignleft\" title=\"P1010117\" src=\"https:\/\/www.montanhismo-guarda.pt\/portal\/wp-content\/uploads\/2010\/03\/P1010117.jpg\" alt=\"\" width=\"288\" height=\"216\" srcset=\"https:\/\/www.montanhismo-guarda.pt\/portal\/wp-content\/uploads\/2010\/03\/P1010117.jpg 480w, https:\/\/www.montanhismo-guarda.pt\/portal\/wp-content\/uploads\/2010\/03\/P1010117-300x225.jpg 300w\" sizes=\"auto, (max-width: 288px) 100vw, 288px\" \/><a href=\"https:\/\/www.montanhismo-guarda.pt\/portal\/wp-content\/uploads\/2010\/03\/P1010122.jpg\"><img loading=\"lazy\" decoding=\"async\" class=\"size-full wp-image-557 alignright\" title=\"P1010122\" src=\"https:\/\/www.montanhismo-guarda.pt\/portal\/wp-content\/uploads\/2010\/03\/P1010122.jpg\" alt=\"\" width=\"288\" height=\"216\" srcset=\"https:\/\/www.montanhismo-guarda.pt\/portal\/wp-content\/uploads\/2010\/03\/P1010122.jpg 480w, https:\/\/www.montanhismo-guarda.pt\/portal\/wp-content\/uploads\/2010\/03\/P1010122-300x225.jpg 300w\" sizes=\"auto, (max-width: 288px) 100vw, 288px\" \/><\/a><\/a><\/p>\n","protected":false},"excerpt":{"rendered":"<p>A forma\u00e7\u00e3o est\u00e1 associada nas mais variadas formas, a todas as actividades de montanha que o clube promove. O Clube de Montanhismo da Guarda tem ao longo dos anos, organizado &hellip; <\/p>\n<p class=\"link-more\"><a href=\"https:\/\/www.montanhismo-guarda.pt\/portal\/atividades\/formacao\" class=\"more-link\">Continuar a ler <span class=\"screen-reader-text\">&#8220;Forma\u00e7\u00e3o&#8221;<\/span><\/a><\/p>\n","protected":false},"author":1,"featured_media":0,"parent":2699,"menu_order":0,"comment_status":"closed","ping_status":"closed","template":"","meta":{"_acf_changed":false,"_tec_requires_first_save":true,"_EventAllDay":false,"_EventTimezone":"","_EventStartDate":"","_EventEndDate":"","_EventStartDateUTC":"","_EventEndDateUTC":"","_EventShowMap":false,"_EventShowMapLink":false,"_EventURL":"","_EventCost":"","_EventCostDescription":"","_EventCurrencySymbol":"","_EventCurrencyCode":"","_EventCurrencyPosition":"","_EventDateTimeSeparator":"","_EventTimeRangeSeparator":"","_EventOrganizerID":[],"_EventVenueID":[],"_OrganizerEmail":"","_OrganizerPhone":"","_OrganizerWebsite":"","_VenueAddress":"","_VenueCity":"","_VenueCountry":"","_VenueProvince":"","_VenueState":"","_VenueZip":"","_VenuePhone":"","_VenueURL":"","_VenueStateProvince":"","_VenueLat":"","_VenueLng":"","_VenueShowMap":false,"_VenueShowMapLink":false,"_tribe_blocks_recurrence_rules":"","_tribe_blocks_recurrence_description":"","_tribe_blocks_recurrence_exclusions":"","footnotes":""},"class_list":["post-57","page","type-page","status-publish","hentry"],"acf":[],"_links":{"self":[{"href":"https:\/\/www.montanhismo-guarda.pt\/portal\/wp-json\/wp\/v2\/pages\/57","targetHints":{"allow":["GET"]}}],"collection":[{"href":"https:\/\/www.montanhismo-guarda.pt\/portal\/wp-json\/wp\/v2\/pages"}],"about":[{"href":"https:\/\/www.montanhismo-guarda.pt\/portal\/wp-json\/wp\/v2\/types\/page"}],"author":[{"embeddable":true,"href":"https:\/\/www.montanhismo-guarda.pt\/portal\/wp-json\/wp\/v2\/users\/1"}],"replies":[{"embeddable":true,"href":"https:\/\/www.montanhismo-guarda.pt\/portal\/wp-json\/wp\/v2\/comments?post=57"}],"version-history":[{"count":10,"href":"https:\/\/www.montanhismo-guarda.pt\/portal\/wp-json\/wp\/v2\/pages\/57\/revisions"}],"predecessor-version":[{"id":2856,"href":"https:\/\/www.montanhismo-guarda.pt\/portal\/wp-json\/wp\/v2\/pages\/57\/revisions\/2856"}],"up":[{"embeddable":true,"href":"https:\/\/www.montanhismo-guarda.pt\/portal\/wp-json\/wp\/v2\/pages\/2699"}],"wp:attachment":[{"href":"https:\/\/www.montanhismo-guarda.pt\/portal\/wp-json\/wp\/v2\/media?parent=57"}],"curies":[{"name":"wp","href":"https:\/\/api.w.org\/{rel}","templated":true}]}}