{"id":79,"date":"2010-03-20T13:44:33","date_gmt":"2010-03-20T13:44:33","guid":{"rendered":"http:\/\/www.montanhismo-guarda.pt\/portal\/?page_id=79"},"modified":"2025-03-30T19:12:12","modified_gmt":"2025-03-30T18:12:12","slug":"filiacoes","status":"publish","type":"page","link":"https:\/\/www.montanhismo-guarda.pt\/portal\/o-clube\/filiacoes","title":{"rendered":"Filia\u00e7\u00f5es"},"content":{"rendered":"\n<div class=\"wp-block-group is-content-justification-center is-layout-flex wp-container-core-group-is-layout-64b26803 wp-block-group-is-layout-flex\"><div class=\"wp-block-image\">\n<figure class=\"aligncenter size-full is-resized\"><a href=\"https:\/\/www.fpme.org\/\" target=\"_blank\" rel=\" noreferrer noopener\"><img loading=\"lazy\" decoding=\"async\" width=\"412\" height=\"320\" src=\"https:\/\/www.montanhismo-guarda.pt\/portal\/wp-content\/uploads\/2025\/03\/logo_FPME_Pagina_2023.png\" alt=\"\" class=\"wp-image-5338\" style=\"width:320px\" srcset=\"https:\/\/www.montanhismo-guarda.pt\/portal\/wp-content\/uploads\/2025\/03\/logo_FPME_Pagina_2023.png 412w, https:\/\/www.montanhismo-guarda.pt\/portal\/wp-content\/uploads\/2025\/03\/logo_FPME_Pagina_2023-300x233.png 300w\" sizes=\"auto, (max-width: 412px) 100vw, 412px\" \/><\/a><figcaption class=\"wp-element-caption\">FPME &#8211; Federa\u00e7\u00e3o Portuguesa de Escalada de Competi\u00e7\u00e3o<\/figcaption><\/figure>\n<\/div>\n\n<div class=\"wp-block-image\">\n<figure class=\"aligncenter size-full is-resized\"><a href=\"http:\/\/www.uvp-fpc.pt\" rel=\"noopener\"><img loading=\"lazy\" decoding=\"async\" width=\"269\" height=\"227\" src=\"https:\/\/www.montanhismo-guarda.pt\/portal\/wp-content\/uploads\/2010\/03\/Logo_of_the_UVP-FPC.jpg\" alt=\"\" class=\"wp-image-182\" style=\"width:320px\" srcset=\"https:\/\/www.montanhismo-guarda.pt\/portal\/wp-content\/uploads\/2010\/03\/Logo_of_the_UVP-FPC.jpg 269w, https:\/\/www.montanhismo-guarda.pt\/portal\/wp-content\/uploads\/2010\/03\/Logo_of_the_UVP-FPC-150x126.jpg 150w\" sizes=\"auto, (max-width: 269px) 100vw, 269px\" \/><\/a><figcaption class=\"wp-element-caption\">Federa\u00e7\u00e3o Portuguesa de Ciclismo<\/figcaption><\/figure>\n<\/div>\n\n<div class=\"wp-block-image\">\n<figure class=\"aligncenter size-full is-resized\"><a href=\"http:\/\/www.fpo.pt\" rel=\"noopener\"><img loading=\"lazy\" decoding=\"async\" width=\"432\" height=\"432\" src=\"https:\/\/www.montanhismo-guarda.pt\/portal\/wp-content\/uploads\/2010\/03\/FPO.jpg\" alt=\"\" class=\"wp-image-127\" style=\"width:320px\" srcset=\"https:\/\/www.montanhismo-guarda.pt\/portal\/wp-content\/uploads\/2010\/03\/FPO.jpg 432w, https:\/\/www.montanhismo-guarda.pt\/portal\/wp-content\/uploads\/2010\/03\/FPO-150x150.jpg 150w, https:\/\/www.montanhismo-guarda.pt\/portal\/wp-content\/uploads\/2010\/03\/FPO-300x300.jpg 300w, https:\/\/www.montanhismo-guarda.pt\/portal\/wp-content\/uploads\/2010\/03\/FPO-400x400.jpg 400w\" sizes=\"auto, (max-width: 432px) 100vw, 432px\" \/><\/a><figcaption class=\"wp-element-caption\">Federa\u00e7\u00e3o Portuguesa de Orienta\u00e7\u00e3o<\/figcaption><\/figure>\n<\/div>\n\n<div class=\"wp-block-image\">\n<figure class=\"aligncenter size-full is-resized\"><a href=\"https:\/\/atrp.pt\/\"><img loading=\"lazy\" decoding=\"async\" width=\"333\" height=\"141\" src=\"https:\/\/www.montanhismo-guarda.pt\/portal\/wp-content\/uploads\/2020\/03\/logo_red.png\" alt=\"\" class=\"wp-image-3081\" style=\"width:320px\" srcset=\"https:\/\/www.montanhismo-guarda.pt\/portal\/wp-content\/uploads\/2020\/03\/logo_red.png 333w, https:\/\/www.montanhismo-guarda.pt\/portal\/wp-content\/uploads\/2020\/03\/logo_red-300x127.png 300w\" sizes=\"auto, (max-width: 333px) 100vw, 333px\" \/><\/a><figcaption class=\"wp-element-caption\">Associa\u00e7\u00e3o de Trail Running de Portugal<\/figcaption><\/figure>\n<\/div>\n\n\n<figure class=\"wp-block-image size-full is-resized\"><a href=\"https:\/\/fpatletismo.pt\/\" target=\"_blank\" rel=\" noreferrer noopener\"><img loading=\"lazy\" decoding=\"async\" width=\"370\" height=\"177\" src=\"https:\/\/www.montanhismo-guarda.pt\/portal\/wp-content\/uploads\/2025\/03\/image.png\" alt=\"https:\/\/fpatletismo.pt\/design\/principal\/incluir\/imagens\/logo\/fpa_logo_w792.png\" class=\"wp-image-5336\" style=\"width:320px\" srcset=\"https:\/\/www.montanhismo-guarda.pt\/portal\/wp-content\/uploads\/2025\/03\/image.png 370w, https:\/\/www.montanhismo-guarda.pt\/portal\/wp-content\/uploads\/2025\/03\/image-300x144.png 300w\" sizes=\"auto, (max-width: 370px) 100vw, 370px\" \/><\/a><figcaption class=\"wp-element-caption\">Federa\u00e7\u00e3o Portuguesa de Atletismo<\/figcaption><\/figure>\n<\/div>\n","protected":false},"excerpt":{"rendered":"","protected":false},"author":1,"featured_media":0,"parent":4,"menu_order":0,"comment_status":"closed","ping_status":"open","template":"","meta":{"_acf_changed":false,"_tec_requires_first_save":true,"_EventAllDay":false,"_EventTimezone":"","_EventStartDate":"","_EventEndDate":"","_EventStartDateUTC":"","_EventEndDateUTC":"","_EventShowMap":false,"_EventShowMapLink":false,"_EventURL":"","_EventCost":"","_EventCostDescription":"","_EventCurrencySymbol":"","_EventCurrencyCode":"","_EventCurrencyPosition":"","_EventDateTimeSeparator":"","_EventTimeRangeSeparator":"","_EventOrganizerID":[],"_EventVenueID":[],"_OrganizerEmail":"","_OrganizerPhone":"","_OrganizerWebsite":"","_VenueAddress":"","_VenueCity":"","_VenueCountry":"","_VenueProvince":"","_VenueState":"","_VenueZip":"","_VenuePhone":"","_VenueURL":"","_VenueStateProvince":"","_VenueLat":"","_VenueLng":"","_VenueShowMap":false,"_VenueShowMapLink":false,"_tribe_blocks_recurrence_rules":"","_tribe_blocks_recurrence_description":"","_tribe_blocks_recurrence_exclusions":"","footnotes":""},"class_list":["post-79","page","type-page","status-publish","hentry"],"acf":[],"_links":{"self":[{"href":"https:\/\/www.montanhismo-guarda.pt\/portal\/wp-json\/wp\/v2\/pages\/79","targetHints":{"allow":["GET"]}}],"collection":[{"href":"https:\/\/www.montanhismo-guarda.pt\/portal\/wp-json\/wp\/v2\/pages"}],"about":[{"href":"https:\/\/www.montanhismo-guarda.pt\/portal\/wp-json\/wp\/v2\/types\/page"}],"author":[{"embeddable":true,"href":"https:\/\/www.montanhismo-guarda.pt\/portal\/wp-json\/wp\/v2\/users\/1"}],"replies":[{"embeddable":true,"href":"https:\/\/www.montanhismo-guarda.pt\/portal\/wp-json\/wp\/v2\/comments?post=79"}],"version-history":[{"count":21,"href":"https:\/\/www.montanhismo-guarda.pt\/portal\/wp-json\/wp\/v2\/pages\/79\/revisions"}],"predecessor-version":[{"id":5339,"href":"https:\/\/www.montanhismo-guarda.pt\/portal\/wp-json\/wp\/v2\/pages\/79\/revisions\/5339"}],"up":[{"embeddable":true,"href":"https:\/\/www.montanhismo-guarda.pt\/portal\/wp-json\/wp\/v2\/pages\/4"}],"wp:attachment":[{"href":"https:\/\/www.montanhismo-guarda.pt\/portal\/wp-json\/wp\/v2\/media?parent=79"}],"curies":[{"name":"wp","href":"https:\/\/api.w.org\/{rel}","templated":true}]}}